{"id":701,"date":"2020-06-30T18:50:00","date_gmt":"2020-06-30T18:50:00","guid":{"rendered":"http:\/\/coach-oc3.com\/?page_id=701"},"modified":"2024-11-11T19:28:32","modified_gmt":"2024-11-11T19:28:32","slug":"imprint","status":"publish","type":"page","link":"https:\/\/over-and-beyond-basketball.com\/en\/imprint\/","title":{"rendered":"Impressum"},"content":{"rendered":"<div class=\"wpb-content-wrapper\"><p>[vc_row][vc_column][vc_column_text]<strong>Angaben gem\u00e4\u00df \u00a7 5 TMG<\/strong><\/p>\n<p><strong>Omar Collington<\/strong><br \/>\nOver and Beyond Basketball<br \/>\nOtto-Wels-Stra\u00dfe 19<br \/>\n51379 Leverkusen<\/p>\n<p>Mobil: +49 (0) 174 \/ 9866 250<br \/>\nInternet: over-and-beyond-basketball.com<br \/>\nE-Mail: info@over-and-beyond-basketball.com<\/p>\n<p>&nbsp;<\/p>\n<p><strong>Webdesign und Suchmaschinenoptimierung<\/strong><\/p>\n<p><a href=\"https:\/\/www.trafficsquare.de\/leistungen\/webdesign-in-koeln-und-webprogrammierung\/\">Webdesign K\u00f6ln<\/a>: www.trafficsquare.de<br \/>\n<a href=\"https:\/\/www.trafficsquare.de\/leistungen\/suchmaschinenoptimierung-in-koeln\/\">Suchmaschinenoptimierung K\u00f6ln<\/a>: www.trafficsquare.de[\/vc_column_text][vc_tta_accordion gap=&#8221;3&#8243; active_section=&#8221;1&#8243; no_fill=&#8221;true&#8221; css=&#8221;.vc_custom_1597766868686{margin-top: 50px !important;}&#8221;][vc_tta_section title=&#8221;Verantwortlich f\u00fcr den Inhalt nach \u00a7 55 Abs. 2 RStV&#8221; tab_id=&#8221;1548609289767-67064a3d-dbfe&#8221;][vc_column_text]<\/p>\n<p class=\"textnormal mobile-undersized-upper\">Omar Collington<br \/>\nOtto-Wels-Stra\u00dfe<br \/>\n51379 Leverkusen<\/p>\n<p>[\/vc_column_text][\/vc_tta_section][vc_tta_section title=&#8221;Verbraucherstreitbeilegung \/ Universalschlichtungsstelle&#8221; tab_id=&#8221;1548609292924-80c87b8b-8280&#8243;][vc_column_text]<\/p>\n<p class=\"textnormal mobile-undersized-upper\">Wir sind nicht bereit oder verpflichtet, an Streitbeilegungsverfahren vor einer<br \/>\nVerbraucherschlichtungsstelle teilzunehmen.<\/p>\n<p>[\/vc_column_text][\/vc_tta_section][vc_tta_section title=&#8221;Haftung f\u00fcr Inhalte&#8221; tab_id=&#8221;1548609294044-ef67b1bb-52d6&#8243;][vc_column_text]<\/p>\n<p class=\"textnormal mobile-undersized-upper\">Als Diensteanbieter sind wir gem\u00e4\u00df \u00a7 7 Abs.1 TMG f\u00fcr eigene Inhalte auf diesen Seiten nach den allgemeinen Gesetzen verantwortlich. Nach \u00a7\u00a7 8 bis 10 TMG sind wir als Diensteanbieter jedoch nicht verpflichtet, \u00fcbermittelte oder gespeicherte fremde Informationen zu \u00fcberwachen oder nach Umst\u00e4nden zu forschen, die auf eine rechtswidrige T\u00e4tigkeit hinweisen.<br \/>\nVerpflichtungen zur Entfernung oder Sperrung der Nutzung von Informationen nach den allgemeinen Gesetzen bleiben hiervon unber\u00fchrt. Eine diesbez\u00fcgliche Haftung ist jedoch erst ab dem Zeitpunkt der Kenntnis einer konkreten Rechtsverletzung m\u00f6glich. Bei Bekanntwerden von entsprechenden Rechtsverletzungen werden wir diese Inhalte umgehend entfernen.<\/p>\n<p>[\/vc_column_text][\/vc_tta_section][vc_tta_section title=&#8221;Haftung f\u00fcr Links&#8221; tab_id=&#8221;1548609291579-24363dd3-1b44&#8243;][vc_column_text]<\/p>\n<p class=\"textnormal mobile-undersized-upper\">Unser Angebot enth\u00e4lt Links zu externen Websites Dritter, auf deren Inhalte wir keinen Einfluss haben. Deshalb k\u00f6nnen wir f\u00fcr diese fremden Inhalte auch keine Gew\u00e4hr \u00fcbernehmen. F\u00fcr die Inhalte der verlinkten Seiten ist stets der jeweilige Anbieter oder Betreiber der Seiten verantwortlich. Die verlinkten Seiten wurden zum Zeitpunkt der Verlinkung auf m\u00f6gliche Rechtsverst\u00f6\u00dfe \u00fcberpr\u00fcft. Rechtswidrige Inhalte waren zum Zeitpunkt der Verlinkung nicht erkennbar. Eine permanente inhaltliche Kontrolle der verlinkten Seiten ist jedoch ohne konkrete Anhaltspunkte einer Rechtsverletzung nicht zumutbar. Bei Bekanntwerden von Rechtsverletzungen werden wir derartige Links umgehend entfernen.<\/p>\n<p>[\/vc_column_text][\/vc_tta_section][vc_tta_section title=&#8221;Urheberrecht&#8221; tab_id=&#8221;1548609170702-88b3f51c-628d&#8221;][vc_column_text]<\/p>\n<p class=\"textnormal mobile-undersized-upper\">Die durch die Seitenbetreiber erstellten Inhalte und Werke auf diesen Seiten unterliegen dem deutschen Urheberrecht. Die Vervielf\u00e4ltigung, Bearbeitung, Verbreitung und jede Art der Verwertung au\u00dferhalb der Grenzen des Urheberrechtes bed\u00fcrfen der schriftlichen Zustimmung des jeweiligen Autors bzw. Erstellers. Downloads und Kopien dieser Seite sind nur f\u00fcr den privaten, nicht kommerziellen Gebrauch gestattet. Soweit die Inhalte auf dieser Seite nicht vom Betreiber erstellt wurden, werden die Urheberrechte Dritter beachtet. Insbesondere werden Inhalte Dritter als solche gekennzeichnet. Sollten Sie trotzdem auf eine Urheberrechtsverletzung aufmerksam werden, bitten wir um einen entsprechenden Hinweis. Bei Bekanntwerden von Rechtsverletzungen werden wir derartige Inhalte umgehend entfernen.<\/p>\n<p>[\/vc_column_text][\/vc_tta_section][\/vc_tta_accordion][\/vc_column][\/vc_row]<\/p>\n<\/div>","protected":false},"excerpt":{"rendered":"<p>[vc_row][vc_column][vc_column_text]Angaben gem\u00e4\u00df \u00a7 5 TMG Omar Collington Over and Beyond Basketball Otto-Wels-Stra\u00dfe 19 51379 Leverkusen Mobil: +49 (0) 174 \/ 9866 250 Internet: over-and-beyond-basketball.com E-Mail: info@over-and-beyond-basketball.com &nbsp; Webdesign und Suchmaschinenoptimierung Webdesign K\u00f6ln: www.trafficsquare.de Suchmaschinenoptimierung K\u00f6ln: www.trafficsquare.de[\/vc_column_text][vc_tta_accordion gap=&#8221;3&#8243; active_section=&#8221;1&#8243; no_fill=&#8221;true&#8221; css=&#8221;.vc_custom_1597766868686{margin-top: 50px !important;}&#8221;][vc_tta_section title=&#8221;Verantwortlich f\u00fcr den Inhalt nach \u00a7 55 Abs. 2 RStV&#8221; tab_id=&#8221;1548609289767-67064a3d-dbfe&#8221;][vc_column_text] Omar Collington [&hellip;]<\/p>\n","protected":false},"author":1,"featured_media":0,"parent":0,"menu_order":0,"comment_status":"closed","ping_status":"open","template":"","meta":{"footnotes":""},"class_list":["post-701","page","type-page","status-publish","hentry"],"yoast_head":"<!-- This site is optimized with the Yoast SEO plugin v23.9 - https:\/\/yoast.com\/wordpress\/plugins\/seo\/ -->\n<title>Imprint - Over and Beyond Basketball<\/title>\n<meta name=\"description\" content=\"In our imprint you will find the legally required information about our company and other points\" \/>\n<meta name=\"robots\" content=\"index, follow, max-snippet:-1, max-image-preview:large, max-video-preview:-1\" \/>\n<link rel=\"canonical\" href=\"https:\/\/over-and-beyond-basketball.com\/en\/imprint\/\" \/>\n<meta property=\"og:locale\" content=\"en_US\" \/>\n<meta property=\"og:type\" content=\"article\" \/>\n<meta property=\"og:title\" content=\"Imprint - Over and Beyond Basketball\" \/>\n<meta property=\"og:description\" content=\"In our imprint you will find the legally required information about our company and other points\" \/>\n<meta property=\"og:url\" content=\"https:\/\/over-and-beyond-basketball.com\/en\/imprint\/\" \/>\n<meta property=\"og:site_name\" content=\"Over and Beyond Basketball\" \/>\n<meta property=\"article:modified_time\" content=\"2024-11-11T19:28:32+00:00\" \/>\n<meta name=\"twitter:card\" content=\"summary_large_image\" \/>\n<meta name=\"twitter:label1\" content=\"Est. reading time\" \/>\n\t<meta name=\"twitter:data1\" content=\"2 minutes\" \/>\n<script type=\"application\/ld+json\" class=\"yoast-schema-graph\">{\"@context\":\"https:\/\/schema.org\",\"@graph\":[{\"@type\":\"WebPage\",\"@id\":\"https:\/\/over-and-beyond-basketball.com\/en\/imprint\/\",\"url\":\"https:\/\/over-and-beyond-basketball.com\/en\/imprint\/\",\"name\":\"Imprint - Over and Beyond Basketball\",\"isPartOf\":{\"@id\":\"https:\/\/over-and-beyond-basketball.com\/#website\"},\"datePublished\":\"2020-06-30T18:50:00+00:00\",\"dateModified\":\"2024-11-11T19:28:32+00:00\",\"description\":\"In our imprint you will find the legally required information about our company and other points\",\"breadcrumb\":{\"@id\":\"https:\/\/over-and-beyond-basketball.com\/en\/imprint\/#breadcrumb\"},\"inLanguage\":\"en-US\",\"potentialAction\":[{\"@type\":\"ReadAction\",\"target\":[\"https:\/\/over-and-beyond-basketball.com\/en\/imprint\/\"]}]},{\"@type\":\"BreadcrumbList\",\"@id\":\"https:\/\/over-and-beyond-basketball.com\/en\/imprint\/#breadcrumb\",\"itemListElement\":[{\"@type\":\"ListItem\",\"position\":1,\"name\":\"Home\",\"item\":\"https:\/\/over-and-beyond-basketball.com\/?lang=en\"},{\"@type\":\"ListItem\",\"position\":2,\"name\":\"Impressum\"}]},{\"@type\":\"WebSite\",\"@id\":\"https:\/\/over-and-beyond-basketball.com\/#website\",\"url\":\"https:\/\/over-and-beyond-basketball.com\/\",\"name\":\"Over and Beyond Basketball\",\"description\":\"Basketball coach and mental coach\",\"publisher\":{\"@id\":\"https:\/\/over-and-beyond-basketball.com\/#organization\"},\"potentialAction\":[{\"@type\":\"SearchAction\",\"target\":{\"@type\":\"EntryPoint\",\"urlTemplate\":\"https:\/\/over-and-beyond-basketball.com\/?s={search_term_string}\"},\"query-input\":{\"@type\":\"PropertyValueSpecification\",\"valueRequired\":true,\"valueName\":\"search_term_string\"}}],\"inLanguage\":\"en-US\"},{\"@type\":\"Organization\",\"@id\":\"https:\/\/over-and-beyond-basketball.com\/#organization\",\"name\":\"Over and Beyond Basketball\",\"url\":\"https:\/\/over-and-beyond-basketball.com\/\",\"logo\":{\"@type\":\"ImageObject\",\"inLanguage\":\"en-US\",\"@id\":\"https:\/\/over-and-beyond-basketball.com\/#\/schema\/logo\/image\/\",\"url\":\"https:\/\/over-and-beyond-basketball.com\/wp-content\/uploads\/2020\/09\/over-and-beyond-logo.png\",\"contentUrl\":\"https:\/\/over-and-beyond-basketball.com\/wp-content\/uploads\/2020\/09\/over-and-beyond-logo.png\",\"width\":320,\"height\":226,\"caption\":\"Over and Beyond Basketball\"},\"image\":{\"@id\":\"https:\/\/over-and-beyond-basketball.com\/#\/schema\/logo\/image\/\"}}]}<\/script>\n<!-- \/ Yoast SEO plugin. -->","yoast_head_json":{"title":"Imprint - Over and Beyond Basketball","description":"In our imprint you will find the legally required information about our company and other points","robots":{"index":"index","follow":"follow","max-snippet":"max-snippet:-1","max-image-preview":"max-image-preview:large","max-video-preview":"max-video-preview:-1"},"canonical":"https:\/\/over-and-beyond-basketball.com\/en\/imprint\/","og_locale":"en_US","og_type":"article","og_title":"Imprint - Over and Beyond Basketball","og_description":"In our imprint you will find the legally required information about our company and other points","og_url":"https:\/\/over-and-beyond-basketball.com\/en\/imprint\/","og_site_name":"Over and Beyond Basketball","article_modified_time":"2024-11-11T19:28:32+00:00","twitter_card":"summary_large_image","twitter_misc":{"Est. reading time":"2 minutes"},"schema":{"@context":"https:\/\/schema.org","@graph":[{"@type":"WebPage","@id":"https:\/\/over-and-beyond-basketball.com\/en\/imprint\/","url":"https:\/\/over-and-beyond-basketball.com\/en\/imprint\/","name":"Imprint - Over and Beyond Basketball","isPartOf":{"@id":"https:\/\/over-and-beyond-basketball.com\/#website"},"datePublished":"2020-06-30T18:50:00+00:00","dateModified":"2024-11-11T19:28:32+00:00","description":"In our imprint you will find the legally required information about our company and other points","breadcrumb":{"@id":"https:\/\/over-and-beyond-basketball.com\/en\/imprint\/#breadcrumb"},"inLanguage":"en-US","potentialAction":[{"@type":"ReadAction","target":["https:\/\/over-and-beyond-basketball.com\/en\/imprint\/"]}]},{"@type":"BreadcrumbList","@id":"https:\/\/over-and-beyond-basketball.com\/en\/imprint\/#breadcrumb","itemListElement":[{"@type":"ListItem","position":1,"name":"Home","item":"https:\/\/over-and-beyond-basketball.com\/?lang=en"},{"@type":"ListItem","position":2,"name":"Impressum"}]},{"@type":"WebSite","@id":"https:\/\/over-and-beyond-basketball.com\/#website","url":"https:\/\/over-and-beyond-basketball.com\/","name":"Over and Beyond Basketball","description":"Basketball coach and mental coach","publisher":{"@id":"https:\/\/over-and-beyond-basketball.com\/#organization"},"potentialAction":[{"@type":"SearchAction","target":{"@type":"EntryPoint","urlTemplate":"https:\/\/over-and-beyond-basketball.com\/?s={search_term_string}"},"query-input":{"@type":"PropertyValueSpecification","valueRequired":true,"valueName":"search_term_string"}}],"inLanguage":"en-US"},{"@type":"Organization","@id":"https:\/\/over-and-beyond-basketball.com\/#organization","name":"Over and Beyond Basketball","url":"https:\/\/over-and-beyond-basketball.com\/","logo":{"@type":"ImageObject","inLanguage":"en-US","@id":"https:\/\/over-and-beyond-basketball.com\/#\/schema\/logo\/image\/","url":"https:\/\/over-and-beyond-basketball.com\/wp-content\/uploads\/2020\/09\/over-and-beyond-logo.png","contentUrl":"https:\/\/over-and-beyond-basketball.com\/wp-content\/uploads\/2020\/09\/over-and-beyond-logo.png","width":320,"height":226,"caption":"Over and Beyond Basketball"},"image":{"@id":"https:\/\/over-and-beyond-basketball.com\/#\/schema\/logo\/image\/"}}]}},"_links":{"self":[{"href":"https:\/\/over-and-beyond-basketball.com\/en\/wp-json\/wp\/v2\/pages\/701","targetHints":{"allow":["GET"]}}],"collection":[{"href":"https:\/\/over-and-beyond-basketball.com\/en\/wp-json\/wp\/v2\/pages"}],"about":[{"href":"https:\/\/over-and-beyond-basketball.com\/en\/wp-json\/wp\/v2\/types\/page"}],"author":[{"embeddable":true,"href":"https:\/\/over-and-beyond-basketball.com\/en\/wp-json\/wp\/v2\/users\/1"}],"replies":[{"embeddable":true,"href":"https:\/\/over-and-beyond-basketball.com\/en\/wp-json\/wp\/v2\/comments?post=701"}],"version-history":[{"count":3,"href":"https:\/\/over-and-beyond-basketball.com\/en\/wp-json\/wp\/v2\/pages\/701\/revisions"}],"predecessor-version":[{"id":1349,"href":"https:\/\/over-and-beyond-basketball.com\/en\/wp-json\/wp\/v2\/pages\/701\/revisions\/1349"}],"wp:attachment":[{"href":"https:\/\/over-and-beyond-basketball.com\/en\/wp-json\/wp\/v2\/media?parent=701"}],"curies":[{"name":"wp","href":"https:\/\/api.w.org\/{rel}","templated":true}]}}